{"id":2,"date":"2013-10-01T07:58:06","date_gmt":"2013-10-01T07:58:06","guid":{"rendered":"http:\/\/cellfood-cortinahba.hr\/?page_id=2"},"modified":"2018-02-28T11:20:08","modified_gmt":"2018-02-28T11:20:08","slug":"sample-page","status":"publish","type":"page","link":"https:\/\/cellfood-cortinahba.hr\/","title":{"rendered":"\u0160to je CELLFOOD?"},"content":{"rendered":"<p><a href=\"http:\/\/cellfood-cortinahba.hr\/wp-content\/uploads\/2013\/10\/cell122222.png\"><img decoding=\"async\" loading=\"lazy\" alt=\"cell122222\" src=\"http:\/\/cellfood-cortinahba.hr\/wp-content\/uploads\/2013\/10\/cell122222.png\" width=\"550\" height=\"243\" \/><\/a><\/p>\n<p><strong>Cellfood<\/strong> je proizvod iz morskih dubina koji sadr\u017ei organske i anorganske tvari:<br \/>\n\/ 78 minerala , 34 enzima i 17 aminokiselina kao koloidna otopina, te vodikove i kisikove ione u otopini ri\u017einog octa i destilirane vode.<\/p>\n<p>Cellfood proizvodi su namjenjeni PREVENTIVI, zato nisu niti lijek, niti doping.<\/p>\n<p>Cellfood primjenom podupire osnovne biolo\u0161ke procese.<\/p>\n<p>Proizveden je za\u0161ti\u0107enom tehnologijom razgradnje vode, koja neposredno opskrbljuje stanice biolo\u0161ki dostupnim kisikovim anionima, te sa 129 hranjivih sastojaka.<\/p>\n<p>Prirodne tvari Cellfooda su dobivene KRIOGENIM na\u010dinom \u010di\u0161\u0107enja tj. upotrebom niskih temperatura i tlaka, \u0161to je osiguralo BIOLO\u0160KU aktivnost. Takvim \u010di\u0161\u0107enjem prirodnih tvari dolazi do razgradnje vode, te nastali ANION kisika direktno ulazi u stanice organizma.<\/p>\n<p>Cellfood NE sadr\u017ei ALKOHOL, GLUKOZU, KVASAC, GLUTEN.<\/p>\n<p>Cellfood NE sadr\u017ei sastojke zabranjene za profesionalna ili amaterska natjecanja<\/p>\n<p>Cellfood NE uzrokuje ovisnost<br \/>\nOsobna karta Cellfood-a<\/p>\n<p>Izumitelj i proizvo\u0111a\u010d preparata Cellfood je Everett Storey ( uz pomo\u0107 i pod nadzorom Alberta Einsteina )<\/p>\n<p>Od 1969. proizvo\u0111a\u010d je NuScience<\/p>\n<p>1997. nagrada HITECH u SAD za najbolji prehrambeni dodatak<\/p>\n<p>1994. potvrda FDA i DS Health &amp; Education Act<\/p>\n<p>U skoro 40 godina niti jedne pritu\u017ebe, odnosno, ne\u017eeljenih u\u010dinaka<\/p>\n<p>prodaja u vi\u0161e od 75 zemalja svijeta.<\/p>\n<p><iframe loading=\"lazy\" src=\"https:\/\/www.youtube.com\/embed\/RgaPazhFJok\" width=\"100%\" height=\"480\" frameborder=\"0\" allowfullscreen=\"allowfullscreen\"><\/iframe><\/p>\n","protected":false},"excerpt":{"rendered":"Cellfood je proizvod iz morskih dubina koji sadr\u017ei organske i anorganske tvari: \/ 78 minerala , 34 enzima i 17 aminokiselina kao koloidna \n<a class=\"moretag\" href=\"https:\/\/cellfood-cortinahba.hr\/\"> [vi\u0161e]<\/a>","protected":false},"author":1,"featured_media":112,"parent":0,"menu_order":0,"comment_status":"open","ping_status":"open","template":"layouts\/magazine.php","meta":{"footnotes":""},"_links":{"self":[{"href":"https:\/\/cellfood-cortinahba.hr\/index.php?rest_route=\/wp\/v2\/pages\/2"}],"collection":[{"href":"https:\/\/cellfood-cortinahba.hr\/index.php?rest_route=\/wp\/v2\/pages"}],"about":[{"href":"https:\/\/cellfood-cortinahba.hr\/index.php?rest_route=\/wp\/v2\/types\/page"}],"author":[{"embeddable":true,"href":"https:\/\/cellfood-cortinahba.hr\/index.php?rest_route=\/wp\/v2\/users\/1"}],"replies":[{"embeddable":true,"href":"https:\/\/cellfood-cortinahba.hr\/index.php?rest_route=%2Fwp%2Fv2%2Fcomments&post=2"}],"version-history":[{"count":20,"href":"https:\/\/cellfood-cortinahba.hr\/index.php?rest_route=\/wp\/v2\/pages\/2\/revisions"}],"predecessor-version":[{"id":144,"href":"https:\/\/cellfood-cortinahba.hr\/index.php?rest_route=\/wp\/v2\/pages\/2\/revisions\/144"}],"wp:featuredmedia":[{"embeddable":true,"href":"https:\/\/cellfood-cortinahba.hr\/index.php?rest_route=\/wp\/v2\/media\/112"}],"wp:attachment":[{"href":"https:\/\/cellfood-cortinahba.hr\/index.php?rest_route=%2Fwp%2Fv2%2Fmedia&parent=2"}],"curies":[{"name":"wp","href":"https:\/\/api.w.org\/{rel}","templated":true}]}}